{"id":111,"date":"2018-02-07T09:06:46","date_gmt":"2018-02-07T09:06:46","guid":{"rendered":"https:\/\/mag.wcoomd.org\/contact\/"},"modified":"2025-11-20T17:40:59","modified_gmt":"2025-11-20T16:40:59","slug":"contact","status":"publish","type":"page","link":"https:\/\/mag.wcoomd.org\/fr\/contact\/","title":{"rendered":"Contactez-nous"},"content":{"rendered":"<p><strong>Vous \u00eates int\u00e9ress\u00e9 par un encart publicitaire? Contactez:<\/strong><br \/>\n<a href=\"mailto:bernard.bessis@bb-communication.com\">bernard.bessis@bb-communication.com<\/a>\/ <a href=\"tel:+33645492429\">T\u00e9l:+33 6 60 65 57 00\u00a0<\/a><\/p>\n<div role=\"form\" class=\"wpcf7\" id=\"wpcf7-f1404-o1\" lang=\"en-US\" dir=\"ltr\">\n<div class=\"screen-reader-response\"><\/div>\n<form action=\"\/fr\/wp-json\/wp\/v2\/pages\/111#wpcf7-f1404-o1\" method=\"post\" class=\"wpcf7-form\" novalidate=\"novalidate\">\n<div style=\"display: none;\">\n<input type=\"hidden\" name=\"_wpcf7\" value=\"1404\" \/>\n<input type=\"hidden\" name=\"_wpcf7_version\" value=\"5.0.1\" \/>\n<input type=\"hidden\" name=\"_wpcf7_locale\" value=\"en_US\" \/>\n<input type=\"hidden\" name=\"_wpcf7_unit_tag\" value=\"wpcf7-f1404-o1\" \/>\n<input type=\"hidden\" name=\"_wpcf7_container_post\" value=\"0\" \/>\n<\/div>\n<p><label> Votre Email (required) <\/label><br \/>\n    <span class=\"wpcf7-form-control-wrap your-email\"><input type=\"email\" name=\"your-email\" value=\"\" size=\"40\" class=\"wpcf7-form-control wpcf7-text wpcf7-email wpcf7-validates-as-required wpcf7-validates-as-email col-12\" aria-required=\"true\" aria-invalid=\"false\" \/><\/span><\/p>\n<p><label> Sujet du courriel (requis) <\/label><br \/>\n    <span class=\"wpcf7-form-control-wrap your-subject\"><input type=\"text\" name=\"your-subject\" value=\"\" size=\"40\" class=\"wpcf7-form-control wpcf7-text wpcf7-validates-as-required col-12\" aria-required=\"true\" aria-invalid=\"false\" \/><\/span><\/p>\n<p><label> Votre message (requis)<\/label><br \/>\n<span class=\"wpcf7-form-control-wrap your-message\"><textarea name=\"your-message\" cols=\"40\" rows=\"10\" class=\"wpcf7-form-control wpcf7-textarea wpcf7-validates-as-required col-12\" aria-required=\"true\" aria-invalid=\"false\"><\/textarea><\/span><\/p>\n<p><span class=\"wpcf7-form-control-wrap checkbox-379\"><span class=\"wpcf7-form-control wpcf7-checkbox wpcf7-validates-as-required\"><span class=\"wpcf7-list-item first last\"><input type=\"checkbox\" name=\"checkbox-379[]\" value=\"J\u2019autorise mag.wcoomd.org \u00e0 recueillir et \u00e0 stoker les donn\u00e9es que je fournis en remplissant ce formulaire.\" \/><span class=\"wpcf7-list-item-label\">J\u2019autorise mag.wcoomd.org \u00e0 recueillir et \u00e0 stoker les donn\u00e9es que je fournis en remplissant ce formulaire.<\/span><\/span><\/span><\/span><\/p>\n<div class=\"wpcf7-form-control-wrap\"><div data-sitekey=\"6Lcsm0YUAAAAAAZ3Z33WJKZ12LhQ24tNlBjxU07D\" class=\"wpcf7-form-control g-recaptcha wpcf7-recaptcha\"><\/div>\n<noscript>\n\t<div style=\"width: 302px; height: 422px;\">\n\t\t<div style=\"width: 302px; height: 422px; position: relative;\">\n\t\t\t<div style=\"width: 302px; height: 422px; position: absolute;\">\n\t\t\t\t<iframe src=\"https:\/\/www.google.com\/recaptcha\/api\/fallback?k=6Lcsm0YUAAAAAAZ3Z33WJKZ12LhQ24tNlBjxU07D\" frameborder=\"0\" scrolling=\"no\" style=\"width: 302px; height:422px; border-style: none;\">\n\t\t\t\t<\/iframe>\n\t\t\t<\/div>\n\t\t\t<div style=\"width: 300px; height: 60px; border-style: none; bottom: 12px; left: 25px; margin: 0px; padding: 0px; right: 25px; background: #f9f9f9; border: 1px solid #c1c1c1; border-radius: 3px;\">\n\t\t\t\t<textarea id=\"g-recaptcha-response\" name=\"g-recaptcha-response\" class=\"g-recaptcha-response\" style=\"width: 250px; height: 40px; border: 1px solid #c1c1c1; margin: 10px 25px; padding: 0px; resize: none;\">\n\t\t\t\t<\/textarea>\n\t\t\t<\/div>\n\t\t<\/div>\n\t<\/div>\n<\/noscript>\n<\/div>\n<p><br><br \/>\n<input type=\"submit\" value=\"Envoyer\" class=\"wpcf7-form-control wpcf7-submit\" \/><\/p>\n<div class=\"wpcf7-response-output wpcf7-display-none\"><\/div><\/form><\/div>\n","protected":false},"excerpt":{"rendered":"<p>Vous \u00eates int\u00e9ress\u00e9 par un encart publicitaire? Contactez: bernard.bessis@bb-communication.com\/ T\u00e9l:+33 6 60 65 57 00\u00a0<\/p>\n","protected":false},"author":1,"featured_media":0,"parent":0,"menu_order":2,"comment_status":"closed","ping_status":"closed","template":"page-contact.php","meta":[],"post_mailing_queue_ids":[],"_links":{"self":[{"href":"https:\/\/mag.wcoomd.org\/fr\/wp-json\/wp\/v2\/pages\/111"}],"collection":[{"href":"https:\/\/mag.wcoomd.org\/fr\/wp-json\/wp\/v2\/pages"}],"about":[{"href":"https:\/\/mag.wcoomd.org\/fr\/wp-json\/wp\/v2\/types\/page"}],"author":[{"embeddable":true,"href":"https:\/\/mag.wcoomd.org\/fr\/wp-json\/wp\/v2\/users\/1"}],"replies":[{"embeddable":true,"href":"https:\/\/mag.wcoomd.org\/fr\/wp-json\/wp\/v2\/comments?post=111"}],"version-history":[{"count":3,"href":"https:\/\/mag.wcoomd.org\/fr\/wp-json\/wp\/v2\/pages\/111\/revisions"}],"predecessor-version":[{"id":19339,"href":"https:\/\/mag.wcoomd.org\/fr\/wp-json\/wp\/v2\/pages\/111\/revisions\/19339"}],"wp:attachment":[{"href":"https:\/\/mag.wcoomd.org\/fr\/wp-json\/wp\/v2\/media?parent=111"}],"curies":[{"name":"wp","href":"https:\/\/api.w.org\/{rel}","templated":true}]}}